{"id":6631,"date":"2024-07-02T23:04:20","date_gmt":"2024-07-02T23:04:20","guid":{"rendered":"https:\/\/b2b.root.work\/contact\/"},"modified":"2024-07-20T01:51:03","modified_gmt":"2024-07-20T01:51:03","slug":"contact","status":"publish","type":"page","link":"https:\/\/b2b.root.work\/en\/contact\/","title":{"rendered":"Contact"},"content":{"rendered":"\t\t<div data-elementor-type=\"wp-page\" data-elementor-id=\"6631\" class=\"elementor elementor-6631 elementor-6383\" data-elementor-settings=\"{&quot;element_pack_global_tooltip_width&quot;:{&quot;unit&quot;:&quot;px&quot;,&quot;size&quot;:&quot;&quot;,&quot;sizes&quot;:[]},&quot;element_pack_global_tooltip_width_tablet&quot;:{&quot;unit&quot;:&quot;px&quot;,&quot;size&quot;:&quot;&quot;,&quot;sizes&quot;:[]},&quot;element_pack_global_tooltip_width_mobile&quot;:{&quot;unit&quot;:&quot;px&quot;,&quot;size&quot;:&quot;&quot;,&quot;sizes&quot;:[]},&quot;element_pack_global_tooltip_padding&quot;:{&quot;unit&quot;:&quot;px&quot;,&quot;top&quot;:&quot;&quot;,&quot;right&quot;:&quot;&quot;,&quot;bottom&quot;:&quot;&quot;,&quot;left&quot;:&quot;&quot;,&quot;isLinked&quot;:true},&quot;element_pack_global_tooltip_padding_tablet&quot;:{&quot;unit&quot;:&quot;px&quot;,&quot;top&quot;:&quot;&quot;,&quot;right&quot;:&quot;&quot;,&quot;bottom&quot;:&quot;&quot;,&quot;left&quot;:&quot;&quot;,&quot;isLinked&quot;:true},&quot;element_pack_global_tooltip_padding_mobile&quot;:{&quot;unit&quot;:&quot;px&quot;,&quot;top&quot;:&quot;&quot;,&quot;right&quot;:&quot;&quot;,&quot;bottom&quot;:&quot;&quot;,&quot;left&quot;:&quot;&quot;,&quot;isLinked&quot;:true},&quot;element_pack_global_tooltip_border_radius&quot;:{&quot;unit&quot;:&quot;px&quot;,&quot;top&quot;:&quot;&quot;,&quot;right&quot;:&quot;&quot;,&quot;bottom&quot;:&quot;&quot;,&quot;left&quot;:&quot;&quot;,&quot;isLinked&quot;:true},&quot;element_pack_global_tooltip_border_radius_tablet&quot;:{&quot;unit&quot;:&quot;px&quot;,&quot;top&quot;:&quot;&quot;,&quot;right&quot;:&quot;&quot;,&quot;bottom&quot;:&quot;&quot;,&quot;left&quot;:&quot;&quot;,&quot;isLinked&quot;:true},&quot;element_pack_global_tooltip_border_radius_mobile&quot;:{&quot;unit&quot;:&quot;px&quot;,&quot;top&quot;:&quot;&quot;,&quot;right&quot;:&quot;&quot;,&quot;bottom&quot;:&quot;&quot;,&quot;left&quot;:&quot;&quot;,&quot;isLinked&quot;:true}}\" data-elementor-post-type=\"page\">\n\t\t\t\t<div class=\"elementor-element elementor-element-2a915114 e-flex e-con-boxed e-con e-parent\" data-id=\"2a915114\" data-element_type=\"container\">\n\t\t\t\t\t<div class=\"e-con-inner\">\n\t\t<div class=\"elementor-element elementor-element-379c504 e-flex e-con-boxed e-con e-child\" data-id=\"379c504\" data-element_type=\"container\">\n\t\t\t\t\t<div class=\"e-con-inner\">\n\t\t\t\t<div class=\"elementor-element elementor-element-36b4f07 elementor-widget elementor-widget-heading\" data-id=\"36b4f07\" data-element_type=\"widget\" data-widget_type=\"heading.default\">\n\t\t\t\t<div class=\"elementor-widget-container\">\n\t\t\t\t\t<h2 class=\"elementor-heading-title elementor-size-default\">CONTACT<\/h2>\t\t\t\t<\/div>\n\t\t\t\t<\/div>\n\t\t\t\t<div class=\"elementor-element elementor-element-e5f7950 bdt-header-hidden-yes bdt-hide-entries-on-mobile-yes elementor-widget elementor-widget-bdt-table\" data-id=\"e5f7950\" data-element_type=\"widget\" data-widget_type=\"bdt-table.default\">\n\t\t\t\t<div class=\"elementor-widget-container\">\n\t\t\t\t\t\t\t<div class=\"bdt-table \" id=\"bdt-table-e5f7950\">\n\n\n\t\t\t\n\t\t<table class=\"bdt-static-table\">\n\n\t\t\t<thead>\n\t\t\t\t<tr>\n\t\t\t\t\t\n\t\t\t\t\t\t<th class=\"bdt-static-column-cell elementor-repeater-item-f34193f\">\n\t\t\t\t\t\t\t<div class=\"bdt-static-column-cell-wrap\">\n\n\t\t\t\t\t\t\t\t<div class=\"bdt-static-column-cell-text\">\n\t\t\t\t\t\t\t\t\tName\t\t\t\t\t\t\t\t<\/div>\n\n\t\t\t\t\t\t\t\t\n\t\t\t\t\t\t\t\t\n\t\t\t\t\t\t\t<\/div>\n\t\t\t\t\t\t<\/th>\n\n\t\t\t\t\t\t\t\t\t<\/tr>\n\t\t\t<\/thead>\n\n\t\t\t<tbody>\n\t\t\t\t\t\t\t\t\t<tr>\n\t\t\t\t\t\t\t\t\t\t\t\t\t\t<td class=\"bdt-static-body-row-cell elementor-repeater-item-97fcfbb\">\n\n\t\t\t\t\t\t\t\t\t<div class=\"bdt-static-body-row-cell-wrap\">\n\t\t\t\t\t\t\t\t\t\t<div class=\"bdt-static-body-row-cell-text\">\n\t\t\t\t\t\t\t\t\t\t\tTitle\t\t\t\t\t\t\t\t\t\t<\/div>\n\n\t\t\t\t\t\t\t\t\t\t\n\t\t\t\t\t\t\t\t\t\t\t\t\t\t\t\t\t\t\t<\/div>\n\n\t\t\t\t\t\t\t\t<\/td>\n\t\t\t\t\t\t\t\t\t\t\t\t\t\t\t\t<td class=\"bdt-static-body-row-cell elementor-repeater-item-54d56c6\">\n\n\t\t\t\t\t\t\t\t\t<div class=\"bdt-static-body-row-cell-wrap\">\n\t\t\t\t\t\t\t\t\t\t<div class=\"bdt-static-body-row-cell-text\">\n\t\t\t\t\t\t\t\t\t\t\t RGC TASARIM \u0130NOVASYON DANI\u015eMANLIK H\u0130ZMETLER\u0130 SANAY\u0130 VE T\u0130CARET L\u0130M\u0130TED \u015e\u0130RKET\u0130\t\t\t\t\t\t\t\t\t\t<\/div>\n\n\t\t\t\t\t\t\t\t\t\t\n\t\t\t\t\t\t\t\t\t\t\t\t\t\t\t\t\t\t\t<\/div>\n\n\t\t\t\t\t\t\t\t<\/td>\n\t\t\t\t\t\t\t\t\t\t\t\t\t<\/tr>\n\t\t\t\t\t\t\t\t\t<tr>\n\t\t\t\t\t\t\t\t\t\t\t\t\t\t<td class=\"bdt-static-body-row-cell elementor-repeater-item-0ac63a8\">\n\n\t\t\t\t\t\t\t\t\t<div class=\"bdt-static-body-row-cell-wrap\">\n\t\t\t\t\t\t\t\t\t\t<div class=\"bdt-static-body-row-cell-text\">\n\t\t\t\t\t\t\t\t\t\t\tTelephone (Customer Service)\t\t\t\t\t\t\t\t\t\t<\/div>\n\n\t\t\t\t\t\t\t\t\t\t\n\t\t\t\t\t\t\t\t\t\t\t\t\t\t\t\t\t\t\t<\/div>\n\n\t\t\t\t\t\t\t\t<\/td>\n\t\t\t\t\t\t\t\t\t\t\t\t\t\t\t\t<td class=\"bdt-static-body-row-cell elementor-repeater-item-5ab4251\">\n\n\t\t\t\t\t\t\t\t\t<div class=\"bdt-static-body-row-cell-wrap\">\n\t\t\t\t\t\t\t\t\t\t<div class=\"bdt-static-body-row-cell-text\">\n\t\t\t\t\t\t\t\t\t\t\t+90 (535) 718 36 30\t\t\t\t\t\t\t\t\t\t<\/div>\n\n\t\t\t\t\t\t\t\t\t\t\n\t\t\t\t\t\t\t\t\t\t\t\t\t\t\t\t\t\t\t<\/div>\n\n\t\t\t\t\t\t\t\t<\/td>\n\t\t\t\t\t\t\t\t\t\t\t\t\t<\/tr>\n\t\t\t\t\t\t\t\t\t<tr>\n\t\t\t\t\t\t\t\t\t\t\t\t\t\t<td class=\"bdt-static-body-row-cell elementor-repeater-item-90927e8\">\n\n\t\t\t\t\t\t\t\t\t<div class=\"bdt-static-body-row-cell-wrap\">\n\t\t\t\t\t\t\t\t\t\t<div class=\"bdt-static-body-row-cell-text\">\n\t\t\t\t\t\t\t\t\t\t\tAddress\t\t\t\t\t\t\t\t\t\t<\/div>\n\n\t\t\t\t\t\t\t\t\t\t\n\t\t\t\t\t\t\t\t\t\t\t\t\t\t\t\t\t\t\t<\/div>\n\n\t\t\t\t\t\t\t\t<\/td>\n\t\t\t\t\t\t\t\t\t\t\t\t\t\t\t\t<td class=\"bdt-static-body-row-cell elementor-repeater-item-9ec0ee5\">\n\n\t\t\t\t\t\t\t\t\t<div class=\"bdt-static-body-row-cell-wrap\">\n\t\t\t\t\t\t\t\t\t\t<div class=\"bdt-static-body-row-cell-text\">\n\t\t\t\t\t\t\t\t\t\t\tMUEYYETZADE MAH. KEMERALTI CAD. BAU BAH\u00c7E\u015eEH\u0130R \u00dcN\u0130VERS\u0130TES\u0130 BLOK NO:2 \u0130\u00c7 KAPI NO:3 BEYO\u011eLU \/ \u0130STANBUL\t\t\t\t\t\t\t\t\t\t<\/div>\n\n\t\t\t\t\t\t\t\t\t\t\n\t\t\t\t\t\t\t\t\t\t\t\t\t\t\t\t\t\t\t<\/div>\n\n\t\t\t\t\t\t\t\t<\/td>\n\t\t\t\t\t\t\t\t\t\t\t\t\t<\/tr>\n\t\t\t\t\t\t\t\t\t<tr>\n\t\t\t\t\t\t\t\t\t\t\t\t\t\t<td class=\"bdt-static-body-row-cell elementor-repeater-item-4ad4fc4\">\n\n\t\t\t\t\t\t\t\t\t<div class=\"bdt-static-body-row-cell-wrap\">\n\t\t\t\t\t\t\t\t\t\t<div class=\"bdt-static-body-row-cell-text\">\n\t\t\t\t\t\t\t\t\t\t\tIstanbul Chamber of Commerce Registration Number\t\t\t\t\t\t\t\t\t\t<\/div>\n\n\t\t\t\t\t\t\t\t\t\t\n\t\t\t\t\t\t\t\t\t\t\t\t\t\t\t\t\t\t\t<\/div>\n\n\t\t\t\t\t\t\t\t<\/td>\n\t\t\t\t\t\t\t\t\t\t\t\t\t\t\t\t<td class=\"bdt-static-body-row-cell elementor-repeater-item-38dd2cb\">\n\n\t\t\t\t\t\t\t\t\t<div class=\"bdt-static-body-row-cell-wrap\">\n\t\t\t\t\t\t\t\t\t\t<div class=\"bdt-static-body-row-cell-text\">\n\t\t\t\t\t\t\t\t\t\t\t297626\t\t\t\t\t\t\t\t\t\t<\/div>\n\n\t\t\t\t\t\t\t\t\t\t\n\t\t\t\t\t\t\t\t\t\t\t\t\t\t\t\t\t\t\t<\/div>\n\n\t\t\t\t\t\t\t\t<\/td>\n\t\t\t\t\t\t\t\t\t\t\t\t\t<\/tr>\n\t\t\t\t\t\t\t\t\t<tr>\n\t\t\t\t\t\t\t\t\t\t\t\t\t\t<td class=\"bdt-static-body-row-cell elementor-repeater-item-d64a2bf\">\n\n\t\t\t\t\t\t\t\t\t<div class=\"bdt-static-body-row-cell-wrap\">\n\t\t\t\t\t\t\t\t\t\t<div class=\"bdt-static-body-row-cell-text\">\n\t\t\t\t\t\t\t\t\t\t\tMersis Number\t\t\t\t\t\t\t\t\t\t<\/div>\n\n\t\t\t\t\t\t\t\t\t\t\n\t\t\t\t\t\t\t\t\t\t\t\t\t\t\t\t\t\t\t<\/div>\n\n\t\t\t\t\t\t\t\t<\/td>\n\t\t\t\t\t\t\t\t\t\t\t\t\t\t\t\t<td class=\"bdt-static-body-row-cell elementor-repeater-item-99d504b\">\n\n\t\t\t\t\t\t\t\t\t<div class=\"bdt-static-body-row-cell-wrap\">\n\t\t\t\t\t\t\t\t\t\t<div class=\"bdt-static-body-row-cell-text\">\n\t\t\t\t\t\t\t\t\t\t\t0735-0005-1820-0012\t\t\t\t\t\t\t\t\t\t<\/div>\n\n\t\t\t\t\t\t\t\t\t\t\n\t\t\t\t\t\t\t\t\t\t\t\t\t\t\t\t\t\t\t<\/div>\n\n\t\t\t\t\t\t\t\t<\/td>\n\t\t\t\t\t\t\t\t\t\t\t\t\t<\/tr>\n\t\t\t\t\t\t\t\t\t<tr>\n\t\t\t\t\t\t\t\t\t\t\t\t\t\t<td class=\"bdt-static-body-row-cell elementor-repeater-item-2474b65\">\n\n\t\t\t\t\t\t\t\t\t<div class=\"bdt-static-body-row-cell-wrap\">\n\t\t\t\t\t\t\t\t\t\t<div class=\"bdt-static-body-row-cell-text\">\n\t\t\t\t\t\t\t\t\t\t\tKep E-mail Address\t\t\t\t\t\t\t\t\t\t<\/div>\n\n\t\t\t\t\t\t\t\t\t\t\n\t\t\t\t\t\t\t\t\t\t\t\t\t\t\t\t\t\t\t<\/div>\n\n\t\t\t\t\t\t\t\t<\/td>\n\t\t\t\t\t\t\t\t\t\t\t\t\t\t\t\t<td class=\"bdt-static-body-row-cell elementor-repeater-item-8d6ba27\">\n\n\t\t\t\t\t\t\t\t\t<div class=\"bdt-static-body-row-cell-wrap\">\n\t\t\t\t\t\t\t\t\t\t<div class=\"bdt-static-body-row-cell-text\">\n\t\t\t\t\t\t\t\t\t\t\trgctasarim@hs01.kep.tr\t\t\t\t\t\t\t\t\t\t<\/div>\n\n\t\t\t\t\t\t\t\t\t\t\n\t\t\t\t\t\t\t\t\t\t\t\t\t\t\t\t\t\t\t<\/div>\n\n\t\t\t\t\t\t\t\t<\/td>\n\t\t\t\t\t\t\t\t\t\t\t\t\t<\/tr>\n\t\t\t\t\t\t\t<\/tbody>\n\n\t\t<\/table>\n\n\t\t\n\t\t<\/div>\n\t\t\t\t\t\t<\/div>\n\t\t\t\t<\/div>\n\t\t\t\t\t<\/div>\n\t\t\t\t<\/div>\n\t\t\t\t\t<\/div>\n\t\t\t\t<\/div>\n\t\t\t\t<\/div>\n\t\t","protected":false},"excerpt":{"rendered":"<p>CONTACT Name Title RGC TASARIM \u0130NOVASYON DANI\u015eMANLIK H\u0130ZMETLER\u0130 SANAY\u0130 VE  [&#8230;]<\/p>\n","protected":false},"author":1,"featured_media":0,"parent":0,"menu_order":0,"comment_status":"closed","ping_status":"closed","template":"","meta":{"footnotes":""},"class_list":["post-6631","page","type-page","status-publish","hentry"],"_links":{"self":[{"href":"https:\/\/b2b.root.work\/en\/wp-json\/wp\/v2\/pages\/6631","targetHints":{"allow":["GET"]}}],"collection":[{"href":"https:\/\/b2b.root.work\/en\/wp-json\/wp\/v2\/pages"}],"about":[{"href":"https:\/\/b2b.root.work\/en\/wp-json\/wp\/v2\/types\/page"}],"author":[{"embeddable":true,"href":"https:\/\/b2b.root.work\/en\/wp-json\/wp\/v2\/users\/1"}],"replies":[{"embeddable":true,"href":"https:\/\/b2b.root.work\/en\/wp-json\/wp\/v2\/comments?post=6631"}],"version-history":[{"count":4,"href":"https:\/\/b2b.root.work\/en\/wp-json\/wp\/v2\/pages\/6631\/revisions"}],"predecessor-version":[{"id":6819,"href":"https:\/\/b2b.root.work\/en\/wp-json\/wp\/v2\/pages\/6631\/revisions\/6819"}],"wp:attachment":[{"href":"https:\/\/b2b.root.work\/en\/wp-json\/wp\/v2\/media?parent=6631"}],"curies":[{"name":"wp","href":"https:\/\/api.w.org\/{rel}","templated":true}]}}