{"id":6634,"date":"2024-06-16T01:31:40","date_gmt":"2024-06-16T01:31:40","guid":{"rendered":"https:\/\/b2b.root.work\/kvkk-bilgilendirmesi\/"},"modified":"2024-07-18T13:40:31","modified_gmt":"2024-07-18T13:40:31","slug":"personal-data-protection-law-information","status":"publish","type":"page","link":"https:\/\/b2b.root.work\/en\/personal-data-protection-law-information\/","title":{"rendered":"Personal Data Protection Law Information"},"content":{"rendered":"\t\t<div data-elementor-type=\"wp-page\" data-elementor-id=\"6634\" class=\"elementor elementor-6634 elementor-5853\" data-elementor-settings=\"{&quot;element_pack_global_tooltip_width&quot;:{&quot;unit&quot;:&quot;px&quot;,&quot;size&quot;:&quot;&quot;,&quot;sizes&quot;:[]},&quot;element_pack_global_tooltip_width_tablet&quot;:{&quot;unit&quot;:&quot;px&quot;,&quot;size&quot;:&quot;&quot;,&quot;sizes&quot;:[]},&quot;element_pack_global_tooltip_width_mobile&quot;:{&quot;unit&quot;:&quot;px&quot;,&quot;size&quot;:&quot;&quot;,&quot;sizes&quot;:[]},&quot;element_pack_global_tooltip_padding&quot;:{&quot;unit&quot;:&quot;px&quot;,&quot;top&quot;:&quot;&quot;,&quot;right&quot;:&quot;&quot;,&quot;bottom&quot;:&quot;&quot;,&quot;left&quot;:&quot;&quot;,&quot;isLinked&quot;:true},&quot;element_pack_global_tooltip_padding_tablet&quot;:{&quot;unit&quot;:&quot;px&quot;,&quot;top&quot;:&quot;&quot;,&quot;right&quot;:&quot;&quot;,&quot;bottom&quot;:&quot;&quot;,&quot;left&quot;:&quot;&quot;,&quot;isLinked&quot;:true},&quot;element_pack_global_tooltip_padding_mobile&quot;:{&quot;unit&quot;:&quot;px&quot;,&quot;top&quot;:&quot;&quot;,&quot;right&quot;:&quot;&quot;,&quot;bottom&quot;:&quot;&quot;,&quot;left&quot;:&quot;&quot;,&quot;isLinked&quot;:true},&quot;element_pack_global_tooltip_border_radius&quot;:{&quot;unit&quot;:&quot;px&quot;,&quot;top&quot;:&quot;&quot;,&quot;right&quot;:&quot;&quot;,&quot;bottom&quot;:&quot;&quot;,&quot;left&quot;:&quot;&quot;,&quot;isLinked&quot;:true},&quot;element_pack_global_tooltip_border_radius_tablet&quot;:{&quot;unit&quot;:&quot;px&quot;,&quot;top&quot;:&quot;&quot;,&quot;right&quot;:&quot;&quot;,&quot;bottom&quot;:&quot;&quot;,&quot;left&quot;:&quot;&quot;,&quot;isLinked&quot;:true},&quot;element_pack_global_tooltip_border_radius_mobile&quot;:{&quot;unit&quot;:&quot;px&quot;,&quot;top&quot;:&quot;&quot;,&quot;right&quot;:&quot;&quot;,&quot;bottom&quot;:&quot;&quot;,&quot;left&quot;:&quot;&quot;,&quot;isLinked&quot;:true}}\" data-elementor-post-type=\"page\">\n\t\t\t\t<div class=\"elementor-element elementor-element-2a915114 e-flex e-con-boxed e-con e-parent\" data-id=\"2a915114\" data-element_type=\"container\">\n\t\t\t\t\t<div class=\"e-con-inner\">\n\t\t<div class=\"elementor-element elementor-element-379c504 e-flex e-con-boxed e-con e-child\" data-id=\"379c504\" data-element_type=\"container\">\n\t\t\t\t\t<div class=\"e-con-inner\">\n\t\t\t\t<div class=\"elementor-element elementor-element-36b4f07 elementor-widget elementor-widget-heading\" data-id=\"36b4f07\" data-element_type=\"widget\" data-widget_type=\"heading.default\">\n\t\t\t\t<div class=\"elementor-widget-container\">\n\t\t\t\t\t<h2 class=\"elementor-heading-title elementor-size-default\">Information Regarding the Protection of Personal Data<\/h2>\t\t\t\t<\/div>\n\t\t\t\t<\/div>\n\t\t\t\t<div class=\"elementor-element elementor-element-c6a6654 elementor-widget elementor-widget-text-editor\" data-id=\"c6a6654\" data-element_type=\"widget\" data-widget_type=\"text-editor.default\">\n\t\t\t\t<div class=\"elementor-widget-container\">\n\t\t\t\t\t\t\t\t\t<p>Information Regarding the Protection of Personal Data<\/p>\n<p>As <span style=\"font-family: Graebenbach Mono Medium;\">RGC TASARIM \u0130NOVASYON DANI\u015eMANLIK H\u0130ZMETLER\u0130 SANAY\u0130 VE T\u0130CARET L\u0130M\u0130TED \u015e\u0130RKET\u0130<\/span>, we place great importance on ensuring that your personal data is processed and stored in accordance with the Law No. 6698 on the Protection of Personal Data (\u201cLaw\u201d). We would like to inform our customers about our methods and purposes for collecting, processing, and transferring personal data, as well as your rights under the Law.<\/p>\n<ol>\n<li>As <span style=\"font-family: Graebenbach Mono Medium;\">RGC TASARIM \u0130NOVASYON DANI\u015eMANLIK H\u0130ZMETLER\u0130 SANAY\u0130 VE T\u0130CARET L\u0130M\u0130TED \u015e\u0130RKET\u0130<\/span>, in the capacity of data controller, within the framework of our legal obligations arising from legislation; we collect your personal data through verbal, written, or electronic methods via various channels such as our website, social media platforms, and mobile applications, for purposes such as enabling you to benefit from our brands&#8217; services, informing you about our campaigns with your consent, recording your suggestions and complaints, creating better service standards for you, and determining and implementing <span style=\"font-family: Graebenbach Mono Medium;\">RGC TASARIM \u0130NOVASYON DANI\u015eMANLIK H\u0130ZMETLER\u0130 SANAY\u0130 VE T\u0130CARET L\u0130M\u0130TED \u015e\u0130RKET\u0130<\/span>&#8216;s commercial and business strategies.<\/li>\n<li>Processing and Purposes of Processing Personal Data <span style=\"font-family: Graebenbach Mono Medium;\">As RGC TASARIM \u0130NOVASYON DANI\u015eMANLIK H\u0130ZMETLER\u0130 SANAY\u0130 VE T\u0130CARET L\u0130M\u0130TED \u015e\u0130RKET\u0130,<\/span> in the capacity of data controller, we may obtain, record, store, retain, change, update, periodically check, reorganize, classify, preserve for the necessary period or as required by relevant law, and share\/transfer your personal and\/or special categories of personal data obtained with your consent, partially or completely, with private-legal persons we work with or public institutions and organizations legally obliged to do so, as well as third parties residing in Turkey or abroad, under legal or service-related necessities. We process your personal data for purposes such as enabling you to benefit from our brands&#8217; services, informing you about our campaigns with your consent, recording your suggestions and complaints, creating better service standards for you, and determining and implementing <span style=\"font-family: Graebenbach Mono Medium;\">RGC TASARIM \u0130NOVASYON DANI\u015eMANLIK H\u0130ZMETLER\u0130 SANAY\u0130 VE T\u0130CARET L\u0130M\u0130TED \u015e\u0130RKET\u0130&#8217;s<\/span>commercial and business strategies, in any case, in compliance with the Law No. 6698 on the <span style=\"font-family: Graebenbach Mono Medium;\">Protection of Personal Data<\/span> and related <span style=\"font-family: Graebenbach Mono Medium;\">legislation<\/span>.<\/li>\n<li>Transfer of Personal Data <span style=\"font-family: Graebenbach Mono Medium;\">RGC TASARIM \u0130NOVASYON DANI\u015eMANLIK H\u0130ZMETLER\u0130 SANAY\u0130 VE T\u0130CARET L\u0130M\u0130TED \u015e\u0130RKET\u0130<\/span>may share your personal data only based on your explicit consent or within the security and privacy principles specified in the Law, taking necessary measures, domestically and, if necessary, internationally, for the execution of Company activities, ensuring the business relationship between data owners and our customers and\/or for negotiations, offering services, opportunities and facilities, and improving service quality, with our group companies, business partners, customers we provide services to, suppliers, audit companies, or other relevant authorities authorized to request such data under legal obligations.<\/li>\n<li>Rights of Personal Data Owner Under Article 11 of KVK Law <span style=\"font-family: Graebenbach Mono Medium;\">RGC TASARIM \u0130NOVASYON DANI\u015eMANLIK H\u0130ZMETLER\u0130 SANAY\u0130 VE T\u0130CARET L\u0130M\u0130TED \u015e\u0130RKET\u0130<\/span> will respond to the following requests from relevant individuals:\n<ul>\n<li>&#8211; Learning whether <span style=\"font-family: Graebenbach Mono Medium;\">RGC TASARIM \u0130NOVASYON DANI\u015eMANLIK H\u0130ZMETLER\u0130 SANAY\u0130 VE T\u0130CARET L\u0130M\u0130TED \u015e\u0130RKET\u0130<\/span> processes personal data concerning them and, if so, which personal data is processed,<\/li>\n<li>&#8211; Obtaining information regarding the purposes of processing activities,<\/li>\n<li>&#8211; Knowing the third parties to whom personal data from <span style=\"font-family: Graebenbach Mono Medium;\">RGC TASARIM \u0130NOVASYON DANI\u015eMANLIK H\u0130ZMETLER\u0130 SANAY\u0130 VE T\u0130CARET L\u0130M\u0130TED \u015e\u0130RKET\u0130<\/span> is transferred domestically or internationally,<\/li>\n<li>&#8211; Requesting correction of personal data if it is incomplete or inaccurately processed,<\/li>\n<li>&#8211; Requesting the deletion or destruction of personal data in accordance with the Law,<\/li>\n<li>&#8211; Requesting notification of the transactions made for correction, deletion, or destruction to third parties to whom personal data has been transferred,<\/li>\n<li>&#8211; Objecting to a result arising exclusively from the analysis of processed data by automated systems if it is against the data subject,<\/li>\n<li>&#8211; Requesting a copy of personal data.<\/li>\n<\/ul>\n<\/li>\n<\/ol>\n<p>You can contact us for your views and questions.<\/p>\n<p><span style=\"font-family: Graebenbach Mono Medium;\">Title: <\/span> RGC Tasar\u0131m \u0130novasyon Dan\u0131\u015fmanl\u0131k Hiz. San. Tic. Ltd. \u015eti San. Tic. Ltd. \u015eti<\/p>\n<p><span style=\"font-family: Graebenbach Mono Medium;\">Phone:<\/span> <a href=\"tel:05357183630\">0535 718 36 30<\/a><\/p>\n<p><span style=\"font-family: Graebenbach Mono Medium;\">Mersis No:<\/span> 735000518200012<\/p>\n<p><span style=\"font-family: Graebenbach Mono Medium;\">Tax Office:<\/span> B\u00dcY\u00dcK\u00c7EKMECE<\/p>\n<p><span style=\"font-family: Graebenbach Mono Medium;\">Tax Number:<\/span> 7350005182<\/p>\n<p><span style=\"font-family: Graebenbach Mono Medium;\">Address:<\/span> Sinanoba Emlak Bankas\u0131 Konutlar\u0131 A-1046 Blok No:2 B\u00fcy\u00fck\u00e7ekmece \/ \u0130stanbul<\/p>\n<p><span style=\"font-family: Graebenbach Mono Medium;\">Mail:<\/span> <a href=\"mailto:hello@b2b.root.work\">hello@b2b.root.work<\/a><\/p>\n\t\t\t\t\t\t\t\t<\/div>\n\t\t\t\t<\/div>\n\t\t\t\t<div class=\"elementor-element elementor-element-848126a elementor-widget elementor-widget-heading\" data-id=\"848126a\" data-element_type=\"widget\" data-widget_type=\"heading.default\">\n\t\t\t\t<div class=\"elementor-widget-container\">\n\t\t\t\t\t<h2 class=\"elementor-heading-title elementor-size-default\">Privacy and Security<\/h2>\t\t\t\t<\/div>\n\t\t\t\t<\/div>\n\t\t\t\t<div class=\"elementor-element elementor-element-816e202 elementor-widget elementor-widget-text-editor\" data-id=\"816e202\" data-element_type=\"widget\" data-widget_type=\"text-editor.default\">\n\t\t\t\t<div class=\"elementor-widget-container\">\n\t\t\t\t\t\t\t\t\t<p>RGC TASARIM \u0130NOVASYON DANI\u015eMANLIK H\u0130ZMETLER\u0130 SANAY\u0130 VE T\u0130CARET L\u0130M\u0130TED \u015e\u0130RKET\u0130 Online Shop requests some of your personal information (name, age, interests, email, etc.) to provide better service to its customers. The information collected on RGC TASARIM \u0130NOVASYON DANI\u015eMANLIK H\u0130ZMETLER\u0130 SANAY\u0130 VE T\u0130CARET L\u0130M\u0130TED \u015e\u0130RKET\u0130 Online Shop servers is used only within the RGC TASARIM \u0130NOVASYON DANI\u015eMANLIK H\u0130ZMETLER\u0130 SANAY\u0130 VE T\u0130CARET L\u0130M\u0130TED \u015e\u0130RKET\u0130 Online Shop for periodic campaign activities, designing special promotional activities for customer profiles, and customer \u201cclassification\u201d studies to avoid sending unwanted emails. RGC TASARIM \u0130NOVASYON DANI\u015eMANLIK H\u0130ZMETLER\u0130 SANAY\u0130 VE T\u0130CARET L\u0130M\u0130TED \u015e\u0130RKET\u0130 Online Shop does not share the information collected from membership forms with third parties without the member&#8217;s knowledge or instruction, does not use it for commercial purposes outside of its activity, and does not sell it.<\/p>\n\n<p>Customer information can only be disclosed to official authorities if such information is requested by official authorities and it is necessary to disclose it in accordance with mandatory provisions of the applicable legislation.<\/p>\n\n<p>Only the customer can access and change all the information entered into the system. It is not possible for anyone else to access and change this information. The credit card information requested on the payment page is not stored on the servers of RGC TASARIM \u0130NOVASYON DANI\u015eMANLIK H\u0130ZMETLER\u0130 SANAY\u0130 VE T\u0130CARET L\u0130M\u0130TED \u015e\u0130RKET\u0130 Online Shop or the companies that serve it, to keep the security of our valued customers who shop from the site at the highest level. Thus, all transactions for payment take place between the bank and your computer through the RGC TASARIM \u0130NOVASYON DANI\u015eMANLIK H\u0130ZMETLER\u0130 SANAY\u0130 VE T\u0130CARET L\u0130M\u0130TED \u015e\u0130RKET\u0130 Online Shop interface.<\/p>\t\t\t\t\t\t\t\t<\/div>\n\t\t\t\t<\/div>\n\t\t\t\t<div class=\"elementor-element elementor-element-9562392 elementor-widget elementor-widget-heading\" data-id=\"9562392\" data-element_type=\"widget\" data-widget_type=\"heading.default\">\n\t\t\t\t<div class=\"elementor-widget-container\">\n\t\t\t\t\t<h2 class=\"elementor-heading-title elementor-size-default\">Use of Cookies<\/h2>\t\t\t\t<\/div>\n\t\t\t\t<\/div>\n\t\t\t\t<div class=\"elementor-element elementor-element-4180582 elementor-widget elementor-widget-text-editor\" data-id=\"4180582\" data-element_type=\"widget\" data-widget_type=\"text-editor.default\">\n\t\t\t\t<div class=\"elementor-widget-container\">\n\t\t\t\t\t\t\t\t\t<p> Cookies are small text files or pieces of information saved on your computer or mobile device (such as a smartphone or tablet) when you visit our site.<\/p>\n\n<p>We use cookies to make our sites easier to use and to adjust them to your interests and needs. Websites can read and write these cookie files, allowing important information about you to be remembered to provide you with a more suitable website (like remembering your preference settings).<\/p>\n\n<p>Cookies also help speed up your future actions on our sites. Additionally, we may use cookies to collect statistical information about the use of our sites to understand how visitors use our sites and to improve the design and usability of our sites.<\/p>\t\t\t\t\t\t\t\t<\/div>\n\t\t\t\t<\/div>\n\t\t\t\t<div class=\"elementor-element elementor-element-4321e37 elementor-widget elementor-widget-heading\" data-id=\"4321e37\" data-element_type=\"widget\" data-widget_type=\"heading.default\">\n\t\t\t\t<div class=\"elementor-widget-container\">\n\t\t\t\t\t<h2 class=\"elementor-heading-title elementor-size-default\">ROOT\n<\/h2>\t\t\t\t<\/div>\n\t\t\t\t<\/div>\n\t\t\t\t<div class=\"elementor-element elementor-element-b98d75d elementor-widget elementor-widget-text-editor\" data-id=\"b98d75d\" data-element_type=\"widget\" data-widget_type=\"text-editor.default\">\n\t\t\t\t<div class=\"elementor-widget-container\">\n\t\t\t\t\t\t\t\t\t<p><span style=\"font-family: Graebenbach Mono Medium;\">Address:<\/span> Sinanoba Emlak Bankas\u0131 Konutlar\u0131 A-1046 Blok No:2 B\u00fcy\u00fck\u00e7ekmece \/ \u0130stanbul<\/p>\n<p><span style=\"font-family: Graebenbach Mono Medium;\">Phone:<\/span> <a href=\"tel:05357183630\">0535 718 36 30<\/a><\/p>\n\t\t\t\t\t\t\t\t<\/div>\n\t\t\t\t<\/div>\n\t\t\t\t\t<\/div>\n\t\t\t\t<\/div>\n\t\t\t\t\t<\/div>\n\t\t\t\t<\/div>\n\t\t\t\t<\/div>\n\t\t","protected":false},"excerpt":{"rendered":"<p>Information Regarding the Protection of Personal Data Information Regarding the  [&#8230;]<\/p>\n","protected":false},"author":1,"featured_media":0,"parent":0,"menu_order":0,"comment_status":"closed","ping_status":"closed","template":"","meta":{"footnotes":""},"class_list":["post-6634","page","type-page","status-publish","hentry"],"_links":{"self":[{"href":"https:\/\/b2b.root.work\/en\/wp-json\/wp\/v2\/pages\/6634","targetHints":{"allow":["GET"]}}],"collection":[{"href":"https:\/\/b2b.root.work\/en\/wp-json\/wp\/v2\/pages"}],"about":[{"href":"https:\/\/b2b.root.work\/en\/wp-json\/wp\/v2\/types\/page"}],"author":[{"embeddable":true,"href":"https:\/\/b2b.root.work\/en\/wp-json\/wp\/v2\/users\/1"}],"replies":[{"embeddable":true,"href":"https:\/\/b2b.root.work\/en\/wp-json\/wp\/v2\/comments?post=6634"}],"version-history":[{"count":4,"href":"https:\/\/b2b.root.work\/en\/wp-json\/wp\/v2\/pages\/6634\/revisions"}],"predecessor-version":[{"id":6723,"href":"https:\/\/b2b.root.work\/en\/wp-json\/wp\/v2\/pages\/6634\/revisions\/6723"}],"wp:attachment":[{"href":"https:\/\/b2b.root.work\/en\/wp-json\/wp\/v2\/media?parent=6634"}],"curies":[{"name":"wp","href":"https:\/\/api.w.org\/{rel}","templated":true}]}}